{"id":3,"date":"2021-05-24T15:42:47","date_gmt":"2021-05-24T15:42:47","guid":{"rendered":"http:\/\/kandlekaravan.ee\/?page_id=3"},"modified":"2021-05-29T22:47:38","modified_gmt":"2021-05-29T19:47:38","slug":"kupsised","status":"publish","type":"page","link":"https:\/\/www.kandlekaravan.ee\/en\/kupsised\/","title":{"rendered":"Cookies"},"content":{"rendered":"<p>Sarnaselt paljudele teistele kasutab ka see veebipood k\u00fcpsisteks (inglise keeles <em>cookies<\/em>) kutsutavaid tekstifaile, mille eesm\u00e4rk on aidata meil lehte arendada ja tagada teile parim kasutajakogemus.<\/p>\n<p>K\u00fcpsiste mitte lubamine v\u00f5ib piirata veebipoe lehe kasutusmugavust ja -v\u00f5imalusi.<\/p>\n<p><strong>Mis on &#8220;k\u00fcpsised&#8221;?<\/strong><\/p>\n<p>K\u00fcpsis on v\u00e4ike tekstifail, mille veebisait salvestab teie arvutisse v\u00f5i mobiilseadmesse, kui te saiti k\u00fclastate. See v\u00f5imaldab veebisaidil j\u00e4tta meelde teie toimingud ja eelistused (n\u00e4iteks ostukorvi sisu meelespidamiseks, keel, kirjasuurus ning muud eelistused kuvamisel) teatud ajavahemikuks. Nii ei pea te neid iga kord uuesti sisestama, kui saidile tagasi tulete v\u00f5i lehek\u00fclgi sirvite.<\/p>\n<p><strong>K\u00fcpsiseid on kahte t\u00fc\u00fcpi:<\/strong><\/p>\n<ul>\n<li>P\u00fcsivaid k\u00fcpsiseid, mis j\u00e4\u00e4vad teie arvutis olevasse k\u00fcpsiste faili p\u00fcsivalt. Neid v\u00f5idakse kasutada n\u00e4iteks teie kui veebilehe korduvk\u00fclastaja \u00e4ratundmiseks ja veebilehe sisu kohandamiseks vastavalt teie vajadustele v\u00f5i statistiliste andmete kogumiseks.<\/li>\n<li>Seansik\u00fcpsised on ajutised ja kaovad, kui veebilehelt lahkute v\u00f5i oma veebilehitseja sulgete. Seansik\u00fcpsiseid v\u00f5idakse kasutada veebilehe teatud funktsioonide, sisse logimiseks ja ostukorvi jaoks.<\/li>\n<\/ul>\n<p><strong>K\u00dcPSISTE EESM\u00c4RK<\/strong><\/p>\n<p>V\u00f5rgulehed ja e-poed kasutavad k\u00fcpsiseid, et pakkuda kasutajatele isikup\u00e4rasemat kasutuskogemust ja mugavamat v\u00f5rgulehel navigeerimist. N\u00e4iteks v\u00f5imaldavad k\u00fcpsised v\u00f5rgulehel meelde j\u00e4tta kasutaja eelistusi (keele valik) v\u00f5i j\u00e4tta vahele igakordne v\u00f5rgulehele sisselogimine. \u00dcldjuhul kasutatakse k\u00fcpsiseid statistiliste andmete kogumiseks, j\u00e4lgides kasutajate eelistusi v\u00f5rgulehtede k\u00fclastamisel. Kasutajale see otsest ohtu ei kujuta. V\u00f5rgulehtede haldajad on kohustatud v\u00f5rgulehel esitama selge ja arusaadava teabe, millist t\u00fc\u00fcpi k\u00fcpsiseid nende v\u00f5rguleht kasutab ja mis eesm\u00e4rgil. Nii saab kasutaja ise otsustada, kas ta k\u00fcpsised lubab v\u00f5i keelab.<\/p>\n<p><strong>Kuidas kasutab k\u00fcpsiseid <em>domeen.ee<\/em>?<\/strong><\/p>\n<p>Selle veebilehe k\u00fclastamise tulemusel v\u00f5ib teie veebilehitseja salvestada k\u00fcpsiseid j\u00e4rgmistest kategooriatest:<br \/>\n<strong>Anal\u00fc\u00fctika<\/strong><\/p>\n<p><em>Domeen.ee<\/em> kasutab laialt levinud Google anal\u00fc\u00fctikatarkvara ja m\u00f5\u00f5dab selle abil veebilehe k\u00fclastatavust. Saadud andmete abil m\u00f5istame paremini k\u00fclastajate k\u00e4itumist lehel ja muudame mugavamaks selle kasutamist. Nimetatud tarkvara kasutab mitmeid k\u00fcpsiseid, mille abil saame teada, kas veebilehe k\u00fclastajad on sellel ka varem viibinud. Kui teie arvutis on sellised k\u00fcpsised olemas, annab teie veebilehitseja sellest meile teada; kui teil neid aga veel pole, siis pakume neid teie veebilehitsejale. Sel moel on meil v\u00f5imalik teada saada meie \u00fcksikkasutajate arvu ja seda, kui sageli nad meie lehte k\u00fclastavad. Neid k\u00fcpsiseid kasutatakse ainult statistikaeesm\u00e4rkidel ja \u00fcksikkasutajaid ei ole v\u00f5imalik nende abil tuvastada. K\u00fclastajate isikuandmeid seejuures Google&#8217;ile ei edastata. Peamine k\u00fcpsis, mida Google Analytics kasutab, on \u201e__ga\u201d.<\/p>\n<p>Lisaks veebisaidi kasutusstatistika aruandluse koostamisele v\u00f5idakse Google Analyticsit kasutada ka koos m\u00f5ne allkirjeldatud reklaamik\u00fcpsisega, et kuvada Google&#8217;i teenustes (nt Google&#8217;i otsingus) ja kogu veebis asjakohasemaid reklaame ning m\u00f5\u00f5ta kuvatud reklaamidega toimunud interaktsioone.<\/p>\n<p><strong>Reklaam ja sotsiaalmeedia<\/strong><\/p>\n<p><em>Domeeni.ee<\/em> lehel kasutatakse mitmeid kolmandate osapoolte k\u00fcpsiseid. See on vajalik selleks, et lubada sul jagada lehti sotsiaalv\u00f5rgustikes, n\u00e4iteks Facebookis ning kuvada asjakohast suunatud reklaami.<\/p>\n<p><strong>Muud k\u00fcpsised<\/strong><\/p>\n<p><em>Domeen.ee<\/em> lehele on lisatud kolmandate osapoolte k\u00fcpsised, mida kasutavad <em>ettev\u00f5tte nimi<\/em> partnerite veebilehed, mis on lisatud v\u00f5i lingitud meie veebilehtedele. Nende k\u00fcpsiste tekkimist <em>ettev\u00f5tte nimi<\/em> ei kontrolli, seega nende k\u00fcpsiste kohta saad infot kolmandate osapoolte k\u00e4est. Kaupmees on isikuandmete vastutav t\u00f6\u00f6tleja, Kaupmees edastab maksete teostamiseks vajalikud isikuandmed volitatud t\u00f6\u00f6tleja <em>Maksekeskus AS-le<\/em>.<\/p>\n<p><strong>K\u00fcpsiste kasutamise piiramine v\u00f5i t\u00e4ielik loobumine<\/strong><\/p>\n<p>Tavaliselt on v\u00f5imalik veebilehitsejat seadistada l\u00f5petama k\u00fcpsiste kasutamist v\u00f5i m\u00f5nelt konkreetselt veebilehelt k\u00fcpsiste vastuv\u00f5tmist. Nende seadete m\u00f5istmiseks v\u00f5ib abi olla j\u00e4rgmistest linkidest; muudel juhtudel peaksite lisainformatsiooni saamiseks kasutama oma veebilehitseja abiv\u00f5imalust.<\/p>\n<p>&nbsp;<\/p>\n<p><a href=\"https:\/\/support.mozilla.org\/et\/kb\/enable-and-disable-cookies-website-preferences\">Mozilla Firefox<\/a><\/p>\n<p><a href=\"https:\/\/support.google.com\/accounts\/answer\/61416?hl=et\">Google Chrome<\/a><\/p>\n<p><a href=\"https:\/\/support.microsoft.com\/et-ee\/help\/17442\/windows-internet-explorer-delete-manage-cookies#ie=ie-11\">Internet Explorer 9, 10, 11<\/a><\/p>\n<p><a href=\"http:\/\/windows.microsoft.com\/et-ee\/windows-vista\/block-or-allow-cookies\">Internet Explorer 7 ja 8<\/a><\/p>\n<p><a href=\"https:\/\/support.apple.com\/kb\/PH19214?locale=et_EE\">Safari<\/a><\/p>","protected":false},"excerpt":{"rendered":"<p>Sarnaselt paljudele teistele kasutab ka see veebipood k\u00fcpsisteks (inglise keeles cookies) kutsutavaid tekstifaile, mille eesm\u00e4rk on aidata meil lehte arendada ja tagada teile parim kasutajakogemus. K\u00fcpsiste mitte lubamine v\u00f5ib piirata veebipoe lehe kasutusmugavust ja -v\u00f5imalusi. Mis on &#8220;k\u00fcpsised&#8221;? K\u00fcpsis on v\u00e4ike tekstifail, mille veebisait salvestab teie arvutisse v\u00f5i mobiilseadmesse, kui te saiti k\u00fclastate. See v\u00f5imaldab &hellip;<\/p>\n<p class=\"read-more\"> <a class=\"\" href=\"https:\/\/www.kandlekaravan.ee\/en\/kupsised\/\"> <span class=\"screen-reader-text\">Cookies<\/span> Read More &raquo;<\/a><\/p>","protected":false},"author":1,"featured_media":0,"parent":0,"menu_order":0,"comment_status":"closed","ping_status":"closed","template":"","meta":{"_uag_custom_page_level_css":"","_monsterinsights_skip_tracking":false,"_monsterinsights_sitenote_active":false,"_monsterinsights_sitenote_note":"","_monsterinsights_sitenote_category":0,"site-sidebar-layout":"default","site-content-layout":"default","ast-site-content-layout":"","site-content-style":"default","site-sidebar-style":"default","ast-global-header-display":"","ast-banner-title-visibility":"","ast-main-header-display":"","ast-hfb-above-header-display":"","ast-hfb-below-header-display":"","ast-hfb-mobile-header-display":"","site-post-title":"","ast-breadcrumbs-content":"","ast-featured-img":"","footer-sml-layout":"","theme-transparent-header-meta":"disabled","adv-header-id-meta":"","stick-header-meta":"","header-above-stick-meta":"","header-main-stick-meta":"","header-below-stick-meta":"","astra-migrate-meta-layouts":"","footnotes":""},"class_list":["post-3","page","type-page","status-publish","hentry"],"aioseo_notices":[],"uagb_featured_image_src":{"full":false,"thumbnail":false,"medium":false,"medium_large":false,"large":false,"1536x1536":false,"2048x2048":false,"trp-custom-language-flag":false,"tp-image-grid":false,"woocommerce_thumbnail":false,"woocommerce_single":false,"woocommerce_gallery_thumbnail":false},"uagb_author_info":{"display_name":"kandlekaravan","author_link":"https:\/\/www.kandlekaravan.ee\/en\/author\/kandlekaravan\/"},"uagb_comment_info":0,"uagb_excerpt":"Sarnaselt paljudele teistele kasutab ka see veebipood k\u00fcpsisteks (inglise keeles cookies) kutsutavaid tekstifaile, mille eesm\u00e4rk on aidata meil lehte arendada ja tagada teile parim kasutajakogemus. K\u00fcpsiste mitte lubamine v\u00f5ib piirata veebipoe lehe kasutusmugavust ja -v\u00f5imalusi. Mis on &#8220;k\u00fcpsised&#8221;? K\u00fcpsis on v\u00e4ike tekstifail, mille veebisait salvestab teie arvutisse v\u00f5i mobiilseadmesse, kui te saiti k\u00fclastate. See v\u00f5imaldab&hellip;","_links":{"self":[{"href":"https:\/\/www.kandlekaravan.ee\/en\/wp-json\/wp\/v2\/pages\/3","targetHints":{"allow":["GET"]}}],"collection":[{"href":"https:\/\/www.kandlekaravan.ee\/en\/wp-json\/wp\/v2\/pages"}],"about":[{"href":"https:\/\/www.kandlekaravan.ee\/en\/wp-json\/wp\/v2\/types\/page"}],"author":[{"embeddable":true,"href":"https:\/\/www.kandlekaravan.ee\/en\/wp-json\/wp\/v2\/users\/1"}],"replies":[{"embeddable":true,"href":"https:\/\/www.kandlekaravan.ee\/en\/wp-json\/wp\/v2\/comments?post=3"}],"version-history":[{"count":5,"href":"https:\/\/www.kandlekaravan.ee\/en\/wp-json\/wp\/v2\/pages\/3\/revisions"}],"predecessor-version":[{"id":1013,"href":"https:\/\/www.kandlekaravan.ee\/en\/wp-json\/wp\/v2\/pages\/3\/revisions\/1013"}],"wp:attachment":[{"href":"https:\/\/www.kandlekaravan.ee\/en\/wp-json\/wp\/v2\/media?parent=3"}],"curies":[{"name":"wp","href":"https:\/\/api.w.org\/{rel}","templated":true}]}}