{"id":669,"date":"2021-05-29T13:58:40","date_gmt":"2021-05-29T10:58:40","guid":{"rendered":"https:\/\/www.kandlekaravan.ee\/?page_id=669"},"modified":"2025-10-13T19:09:08","modified_gmt":"2025-10-13T16:09:08","slug":"hinnakiri","status":"publish","type":"page","link":"https:\/\/www.kandlekaravan.ee\/en\/hinnakiri\/","title":{"rendered":"Price list"},"content":{"rendered":"<div data-elementor-type=\"wp-page\" data-elementor-id=\"669\" class=\"elementor elementor-669\">\n\t\t\t\t\t\t\t\t\t<section class=\"elementor-section elementor-top-section elementor-element elementor-element-382e65a elementor-section-boxed elementor-section-height-default elementor-section-height-default\" data-id=\"382e65a\" data-element_type=\"section\" data-settings=\"{&quot;_ha_eqh_enable&quot;:false}\">\n\t\t\t\t\t\t<div class=\"elementor-container elementor-column-gap-default\">\n\t\t\t\t\t<div class=\"elementor-column elementor-col-100 elementor-top-column elementor-element elementor-element-f704040\" data-id=\"f704040\" data-element_type=\"column\">\n\t\t\t<div class=\"elementor-widget-wrap elementor-element-populated\">\n\t\t\t\t\t\t\t\t<div class=\"elementor-element elementor-element-f6d9407 elementor-widget elementor-widget-text-editor\" data-id=\"f6d9407\" data-element_type=\"widget\" data-widget_type=\"text-editor.default\">\n\t\t\t\t<div class=\"elementor-widget-container\">\n\t\t\t\t\t\t\t<p style=\"text-align: center;\"><strong>Matkaauto hinnakiri<\/strong><\/p><p style=\"text-align: center;\"><em>3-7 p\u00e4eva \u00a0 \u00a0 \u00a0 \u00a0 160\u20ac \/ 140\u20ac *<br \/>8-14 p\u00e4eva \u00a0 \u00a0 \u00a0 150\u20ac \/ 130\u20ac*<br \/>15-21 p\u00e4eva \u00a0 \u00a0 140\u20ac \/ 120\u20ac *<br \/>22+ p\u00e4eva \u00a0 \u00a0 \u00a0 \u00a0130\u20ac \/ 110\u20ac *<\/em><br \/>* Hind perioodil september-mai<\/p><p style=\"text-align: center;\"><span style=\"font-size: 16px;\">* <\/span><span style=\"font-size: 16px;\">Suveperioodil rendime alates viiest p\u00e4evast<\/span><\/p><p style=\"text-align: center;\"><strong>Lisavarustuse hinnakiri<\/strong><\/p><p style=\"text-align: center;\">Voodipesu komplekt\u00a0 \u00a0 \u00a0 \u00a0 \u00a0 \u00a030\u20ac\/inimene<\/p><p style=\"text-align: center;\">Rendij\u00e4rgne koristus\u00a0 \u00a0 \u00a0 \u00a0120\u20ac\/reis<\/p><p style=\"text-align: center;\">V\u00e4lim\u00f6\u00f6bel\u00a0 \u00a0 \u00a0 \u00a0 \u00a0 \u00a0 \u00a0 \u00a0 \u00a0 \u00a0 \u00a030\u20ac\/reis<\/p><p style=\"text-align: center;\">K\u00f6\u00f6gin\u00f5ude komplekt\u00a0 \u00a0 hinna sees\/reis<\/p><p style=\"text-align: center;\">Matkaauto t\u00f5kiskingad\u00a0 \u00a0hinna sees\/reis<\/p>\t\t\t\t\t\t<\/div>\n\t\t\t\t<\/div>\n\t\t\t\t\t<\/div>\n\t\t<\/div>\n\t\t\t\t\t\t\t<\/div>\n\t\t<\/section>\n\t\t\t\t\t\t\t<\/div>","protected":false},"excerpt":{"rendered":"<p>Matkaauto hinnakiri 3-7 p\u00e4eva \u00a0 \u00a0 \u00a0 \u00a0 160\u20ac \/ 140\u20ac *8-14 p\u00e4eva \u00a0 \u00a0 \u00a0 150\u20ac \/ 130\u20ac*15-21 p\u00e4eva \u00a0 \u00a0 140\u20ac \/ 120\u20ac *22+ p\u00e4eva \u00a0 \u00a0 \u00a0 \u00a0130\u20ac \/ 110\u20ac ** Hind perioodil september-mai * Suveperioodil rendime alates viiest p\u00e4evast Lisavarustuse hinnakiri Voodipesu komplekt\u00a0 \u00a0 \u00a0 \u00a0 \u00a0 \u00a030\u20ac\/inimene Rendij\u00e4rgne koristus\u00a0 \u00a0 &hellip;<\/p>\n<p class=\"read-more\"> <a class=\"\" href=\"https:\/\/www.kandlekaravan.ee\/en\/hinnakiri\/\"> <span class=\"screen-reader-text\">Price list<\/span> Read More &raquo;<\/a><\/p>","protected":false},"author":1,"featured_media":0,"parent":0,"menu_order":0,"comment_status":"closed","ping_status":"closed","template":"","meta":{"_uag_custom_page_level_css":"","_monsterinsights_skip_tracking":false,"_monsterinsights_sitenote_active":false,"_monsterinsights_sitenote_note":"","_monsterinsights_sitenote_category":0,"site-sidebar-layout":"no-sidebar","site-content-layout":"page-builder","ast-site-content-layout":"","site-content-style":"default","site-sidebar-style":"default","ast-global-header-display":"","ast-banner-title-visibility":"","ast-main-header-display":"","ast-hfb-above-header-display":"","ast-hfb-below-header-display":"","ast-hfb-mobile-header-display":"","site-post-title":"disabled","ast-breadcrumbs-content":"","ast-featured-img":"disabled","footer-sml-layout":"","theme-transparent-header-meta":"disabled","adv-header-id-meta":"","stick-header-meta":"","header-above-stick-meta":"","header-main-stick-meta":"","header-below-stick-meta":"","astra-migrate-meta-layouts":"","footnotes":""},"class_list":["post-669","page","type-page","status-publish","hentry"],"aioseo_notices":[],"uagb_featured_image_src":{"full":false,"thumbnail":false,"medium":false,"medium_large":false,"large":false,"1536x1536":false,"2048x2048":false,"trp-custom-language-flag":false,"tp-image-grid":false,"woocommerce_thumbnail":false,"woocommerce_single":false,"woocommerce_gallery_thumbnail":false},"uagb_author_info":{"display_name":"kandlekaravan","author_link":"https:\/\/www.kandlekaravan.ee\/en\/author\/kandlekaravan\/"},"uagb_comment_info":0,"uagb_excerpt":"Matkaauto hinnakiri 3-7 p\u00e4eva \u00a0 \u00a0 \u00a0 \u00a0 160\u20ac \/ 140\u20ac *8-14 p\u00e4eva \u00a0 \u00a0 \u00a0 150\u20ac \/ 130\u20ac*15-21 p\u00e4eva \u00a0 \u00a0 140\u20ac \/ 120\u20ac *22+ p\u00e4eva \u00a0 \u00a0 \u00a0 \u00a0130\u20ac \/ 110\u20ac ** Hind perioodil september-mai * Suveperioodil rendime alates viiest p\u00e4evast Lisavarustuse hinnakiri Voodipesu komplekt\u00a0 \u00a0 \u00a0 \u00a0 \u00a0 \u00a030\u20ac\/inimene Rendij\u00e4rgne koristus\u00a0 \u00a0&hellip;","_links":{"self":[{"href":"https:\/\/www.kandlekaravan.ee\/en\/wp-json\/wp\/v2\/pages\/669","targetHints":{"allow":["GET"]}}],"collection":[{"href":"https:\/\/www.kandlekaravan.ee\/en\/wp-json\/wp\/v2\/pages"}],"about":[{"href":"https:\/\/www.kandlekaravan.ee\/en\/wp-json\/wp\/v2\/types\/page"}],"author":[{"embeddable":true,"href":"https:\/\/www.kandlekaravan.ee\/en\/wp-json\/wp\/v2\/users\/1"}],"replies":[{"embeddable":true,"href":"https:\/\/www.kandlekaravan.ee\/en\/wp-json\/wp\/v2\/comments?post=669"}],"version-history":[{"count":5,"href":"https:\/\/www.kandlekaravan.ee\/en\/wp-json\/wp\/v2\/pages\/669\/revisions"}],"predecessor-version":[{"id":2158,"href":"https:\/\/www.kandlekaravan.ee\/en\/wp-json\/wp\/v2\/pages\/669\/revisions\/2158"}],"wp:attachment":[{"href":"https:\/\/www.kandlekaravan.ee\/en\/wp-json\/wp\/v2\/media?parent=669"}],"curies":[{"name":"wp","href":"https:\/\/api.w.org\/{rel}","templated":true}]}}