{"id":672,"date":"2021-05-29T14:00:09","date_gmt":"2021-05-29T11:00:09","guid":{"rendered":"https:\/\/www.kandlekaravan.ee\/?page_id=672"},"modified":"2021-06-29T13:15:38","modified_gmt":"2021-06-29T10:15:38","slug":"renditingimused","status":"publish","type":"page","link":"https:\/\/www.kandlekaravan.ee\/en\/renditingimused\/","title":{"rendered":"Rental conditions"},"content":{"rendered":"<div data-elementor-type=\"wp-page\" data-elementor-id=\"672\" class=\"elementor elementor-672\">\n\t\t\t\t\t\t\t\t\t<section class=\"elementor-section elementor-top-section elementor-element elementor-element-32c18d97 elementor-section-boxed elementor-section-height-default elementor-section-height-default\" data-id=\"32c18d97\" data-element_type=\"section\" data-settings=\"{&quot;_ha_eqh_enable&quot;:false}\">\n\t\t\t\t\t\t<div class=\"elementor-container elementor-column-gap-default\">\n\t\t\t\t\t<div class=\"elementor-column elementor-col-100 elementor-top-column elementor-element elementor-element-63655193\" data-id=\"63655193\" data-element_type=\"column\">\n\t\t\t<div class=\"elementor-widget-wrap elementor-element-populated\">\n\t\t\t\t\t\t\t\t<div class=\"elementor-element elementor-element-5c916153 elementor-widget elementor-widget-text-editor\" data-id=\"5c916153\" data-element_type=\"widget\" data-widget_type=\"text-editor.default\">\n\t\t\t\t<div class=\"elementor-widget-container\">\n\t\t\t\t\t\t\t<h4 style=\"padding-left: 40px;\"><strong>S\u00f5iduki kasutus<\/strong><\/h4><ul><li>Rentnik on kohustatud kasutama s\u00f5idukit sihtotstarbeliselt, korralikult ja heaperemehelikult, vastavalt rendileandja rendilepingus m\u00e4\u00e4ratud tingimustele. S\u00f5idukis on keelatud suitsetamine. Lemmikloomade viibimine, transportimine autos tuleb rentnikul eelnevalt rendileandjaga koosk\u00f5lastada. Tingimuste rikkumisel on rentnik kohustatud maksma leppetrahvi 400 eurot. S\u00f5idukit on keelatud kasutada erinevate teenuste osutamiseks, kaubaveoks, teiste s\u00f5idukite pukseerimiseks. Rentnik ei tohi loovutada s\u00f5iduki juhtimist kolmandale isikule ilma rendilepingu tingimusi tutvustamata. S\u00f5iduki \u00fcleandmisel kolmandale isikule \u00a0ei vabasta rentnikku vastutusest k\u00e4esoleva lepingu tingimuste t\u00e4itmise eest. Vastutavaks j\u00e4\u00e4b lepingu allkirjastanud rentnik s\u00f5iduki \u00fcleandmisel kolmandale isikule.<\/li><\/ul><ul><li>V\u00e4ljaspool Eestit v\u00f5ib s\u00f5idukiga s\u00f5ita \u00fcksnes rendifirma kirjaliku n\u00f5usolekuga. S\u00f5idukiga on keelatud s\u00f5ita kolmandatesse riikidesse nagu Venemaa, Ukraina, Valgevene, Gruusia, Armeenia, Azerbaid\u017eaan, Moldova, T\u00fcrgi.<\/li><\/ul><ul><li>Matkaauto rentimisel on vajalik esitada kehtiv juhiluba ja pass. Renditud s\u00f5idukit v\u00f5ivad juhtida alates 21-aastased isikud, kes omavad B-kategooria juhiluba. Ettev\u00f5tte puhul saab s\u00f5idukit rentida ja lepingut s\u00f5lmida \u00fcksnes juhatuse liige v\u00f5i tema poolt volitatud isik, kes esitab rendifirmale volitusi t\u00f5endavad dokumendid.<\/li><\/ul><ul><li>Rentniku v\u00f5i s\u00f5iduki teiste kasutajate poolt rendiperioodi jooksul p\u00f5hjustatud n\u00f5uded kolmandatelt isikutelt (liikluseeskirjade rikkumised, parkimistrahvid, viivistasu otsused, auto teisaldamised jms) kuuluvad rentniku ja auto kasutajate poolt t\u00e4ielikule h\u00fcvitamisele ka tagantj\u00e4rele.<\/li><\/ul><ul><li>Broneering kinnitatakse broneerimistasu laekumisel.\u00a0Broneerimistasu on matkaauto puhul 400\u00a0\u20ac. Broneerimistasu tagastatakse peale rendiperioodi, kui rendifirmal puuduvad rentnikule rahalised n\u00f5uded. Broneeringust loobumisel broneerimistasu ei tagastata! Broneeringu muutmine on v\u00f5imalik ainult 30 p\u00e4eva etteteatamisel.<\/li><\/ul><ul><li>Matkabuss antakse rentnikule \u00fcle tangituna, pestuna ja tehniliselt korras seisus. Autot k\u00e4tte saades soovitame see hoolikalt \u00fcle vaadata ning \u00fcles m\u00e4rkida lepingusse k\u00f5ik vigastused(sh kriimustused). Vastasel juhul v\u00f5ite j\u00e4\u00e4da s\u00fc\u00fcdi vigastuste eest, mis autol juba enne olemas olid. Rendileandja ei vastuta otseselt v\u00f5i kaudselt kahjude eest, mis v\u00f5ivad tuleneda matkaauto rikkest ning kui seoses eelnevaga reis katkeb v\u00f5i viibib. Kui rike tekib rendiperioodi ajal, v\u00f5ib rentnik n\u00f5uda vastavat hinnaalandust, kui rendileandja ei suuda t\u00f5estada oma \u00f5igsust, et on teinud k\u00f5ik endast s\u00f5ltuva s\u00f5iduki korrasolekuks.<\/li><\/ul><ul><li>Rendileandjal on \u00f5igus tagatisrahast pidada kinni koristusraha, kui s\u00f5iduk ei ole koristatud. Koristuse hind 100 \u20ac, wc kasseti t\u00fchjendamine 50 \u20ac, reoveepaagi t\u00fchjendamine 25 \u20ac, lisavarustuse puhastamine 25 \u20ac. V\u00e4lipesu rentnik teostama ei pea. S\u00f5iduk tuleb tagastada t\u00e4is k\u00fctusepaagiga. T\u00fchja k\u00fctusepaagi korral trahv 50 \u20ac + k\u00fctuse maksumus. S\u00f5iduki tagastamisel teostavad rentnik ja rendileandja s\u00f5iduki esmase \u00fclevaatuse. Vajadusel annab rendileandja peale s\u00f5iduki v\u00e4lipesu ning lisavarustuse ja tehnika p\u00f5hjaliku kontrolli tagasisidet ilmnenud puudustest. Vead, mis tekkisid rendiperioodil, h\u00fcvitab rentnik ametliku autoesinduse hinnakirja alusel ja peetakse kinni tagatisrahast.<\/li><\/ul><ul><li>Matkaautode rendi minimaalne rendiperiood on kolm \u00f6\u00f6p\u00e4eva (k\u00f5rghooajal on minimaalne rendiperiood 5-7 p\u00e4eva). K\u00f5rghooaeg on perioodil 1. juuni &#8211; 1. september. Kui matkaauto tagastatakse rohkem kui 1 tund hiljem eelnevalt kokkulepitud ajast, lisatakse kogusummale \u00fche p\u00e4eva tasu. Seep\u00e4rast soovitame rendifirmat aegsasti teavitada v\u00f5imalikest muudatustest matkabussi tagastamise aja ja\/v\u00f5i koha suhtes. Matkabussidel l\u00e4bis\u00f5idupiirangut ei ole.<\/li><\/ul><ul><li>Rendihinnad sisaldavad \u00f5lide, hoolduse, kohustusliku liikluskindlustuse ja t\u00e4iskasko kindlustuse maksumust. Rendihind ei sisalda autok\u00fctuse maksumust. P\u00e4eva hind kehtib 24-le tunnile alates rendihetkest. S\u00f5iduki rendihinnad sisaldavad avariikindlustust rentniku omavastutusega 400 EUR ja varguskindlustust rentniku omavastutusega 15% s\u00f5iduki maksumusest. Rehvid ja veljed ei ole kindlustatud ning rehvide kui ka velgede osas kannab rentnik t\u00e4ielikku materiaalset vastutust. S\u00f5iduki \u00e4randamise v\u00f5i varguse korral on rentnik kohustatud esitama auto v\u00f5tmed ja s\u00f5iduki registreerimistunnistuse. Liiklus\u00f5nnetuse korral teatage sellest kindlasti politseisse ja v\u00f5tke neilt kirjalik t\u00f5end kindlustuse jaoks. Kohe tuleb \u00fchendust v\u00f5tta ka rendifirmaga (kontaktnumbrid leiate rendilepingust).<\/li><\/ul><ul><li>Iga allakirjutatud leping on siduv \u2013 ka juhul, kui Te ei ole seda l\u00e4bi lugenud v\u00f5i sellest aru saanud. Soovitame Teil alati enne lepingu allkirjastamist tingimused t\u00e4pselt l\u00e4bi lugeda ning vajadusel t\u00e4psustada. Hilisemaid pretensioone ei rahuldata v\u00f5i lahendatakse Viru Maakohtus.<\/li><\/ul><ul><li>K\u00f5ikidele s\u00f5idukitele on paigaldatud \u00e4randamisvastased seadmed. Talveperioodil on k\u00f5ik matkaautod varustatud talverehvidega.<\/li><\/ul><p style=\"text-align: left; padding-left: 40px;\"><strong>T\u00e4ielikud renditingimused on loetletud rendilepingus.<\/strong><\/p>\t\t\t\t\t\t<\/div>\n\t\t\t\t<\/div>\n\t\t\t\t\t<\/div>\n\t\t<\/div>\n\t\t\t\t\t\t\t<\/div>\n\t\t<\/section>\n\t\t\t\t\t\t\t<\/div>","protected":false},"excerpt":{"rendered":"<p>S\u00f5iduki kasutus Rentnik on kohustatud kasutama s\u00f5idukit sihtotstarbeliselt, korralikult ja heaperemehelikult, vastavalt rendileandja rendilepingus m\u00e4\u00e4ratud tingimustele. S\u00f5idukis on keelatud suitsetamine. Lemmikloomade viibimine, transportimine autos tuleb rentnikul eelnevalt rendileandjaga koosk\u00f5lastada. Tingimuste rikkumisel on rentnik kohustatud maksma leppetrahvi 400 eurot. S\u00f5idukit on keelatud kasutada erinevate teenuste osutamiseks, kaubaveoks, teiste s\u00f5idukite pukseerimiseks. Rentnik ei tohi loovutada s\u00f5iduki juhtimist &hellip;<\/p>\n<p class=\"read-more\"> <a class=\"\" href=\"https:\/\/www.kandlekaravan.ee\/en\/renditingimused\/\"> <span class=\"screen-reader-text\">Rental conditions<\/span> Read More &raquo;<\/a><\/p>","protected":false},"author":1,"featured_media":0,"parent":0,"menu_order":0,"comment_status":"closed","ping_status":"closed","template":"","meta":{"_uag_custom_page_level_css":"","_monsterinsights_skip_tracking":false,"_monsterinsights_sitenote_active":false,"_monsterinsights_sitenote_note":"","_monsterinsights_sitenote_category":0,"site-sidebar-layout":"default","site-content-layout":"default","ast-site-content-layout":"","site-content-style":"default","site-sidebar-style":"default","ast-global-header-display":"","ast-banner-title-visibility":"","ast-main-header-display":"","ast-hfb-above-header-display":"","ast-hfb-below-header-display":"","ast-hfb-mobile-header-display":"","site-post-title":"","ast-breadcrumbs-content":"","ast-featured-img":"","footer-sml-layout":"","theme-transparent-header-meta":"disabled","adv-header-id-meta":"","stick-header-meta":"","header-above-stick-meta":"","header-main-stick-meta":"","header-below-stick-meta":"","astra-migrate-meta-layouts":"","footnotes":""},"class_list":["post-672","page","type-page","status-publish","hentry"],"aioseo_notices":[],"uagb_featured_image_src":{"full":false,"thumbnail":false,"medium":false,"medium_large":false,"large":false,"1536x1536":false,"2048x2048":false,"trp-custom-language-flag":false,"tp-image-grid":false,"woocommerce_thumbnail":false,"woocommerce_single":false,"woocommerce_gallery_thumbnail":false},"uagb_author_info":{"display_name":"kandlekaravan","author_link":"https:\/\/www.kandlekaravan.ee\/en\/author\/kandlekaravan\/"},"uagb_comment_info":0,"uagb_excerpt":"S\u00f5iduki kasutus Rentnik on kohustatud kasutama s\u00f5idukit sihtotstarbeliselt, korralikult ja heaperemehelikult, vastavalt rendileandja rendilepingus m\u00e4\u00e4ratud tingimustele. S\u00f5idukis on keelatud suitsetamine. Lemmikloomade viibimine, transportimine autos tuleb rentnikul eelnevalt rendileandjaga koosk\u00f5lastada. Tingimuste rikkumisel on rentnik kohustatud maksma leppetrahvi 400 eurot. S\u00f5idukit on keelatud kasutada erinevate teenuste osutamiseks, kaubaveoks, teiste s\u00f5idukite pukseerimiseks. Rentnik ei tohi loovutada s\u00f5iduki juhtimist&hellip;","_links":{"self":[{"href":"https:\/\/www.kandlekaravan.ee\/en\/wp-json\/wp\/v2\/pages\/672","targetHints":{"allow":["GET"]}}],"collection":[{"href":"https:\/\/www.kandlekaravan.ee\/en\/wp-json\/wp\/v2\/pages"}],"about":[{"href":"https:\/\/www.kandlekaravan.ee\/en\/wp-json\/wp\/v2\/types\/page"}],"author":[{"embeddable":true,"href":"https:\/\/www.kandlekaravan.ee\/en\/wp-json\/wp\/v2\/users\/1"}],"replies":[{"embeddable":true,"href":"https:\/\/www.kandlekaravan.ee\/en\/wp-json\/wp\/v2\/comments?post=672"}],"version-history":[{"count":5,"href":"https:\/\/www.kandlekaravan.ee\/en\/wp-json\/wp\/v2\/pages\/672\/revisions"}],"predecessor-version":[{"id":1401,"href":"https:\/\/www.kandlekaravan.ee\/en\/wp-json\/wp\/v2\/pages\/672\/revisions\/1401"}],"wp:attachment":[{"href":"https:\/\/www.kandlekaravan.ee\/en\/wp-json\/wp\/v2\/media?parent=672"}],"curies":[{"name":"wp","href":"https:\/\/api.w.org\/{rel}","templated":true}]}}