{"id":1908,"date":"2022-02-13T20:59:10","date_gmt":"2022-02-13T17:59:10","guid":{"rendered":"https:\/\/www.kandlekaravan.ee\/?post_type=product&#038;p=1908"},"modified":"2022-02-17T11:10:13","modified_gmt":"2022-02-17T08:10:13","slug":"kinkekaart-2","status":"publish","type":"product","link":"https:\/\/www.kandlekaravan.ee\/en\/product\/kinkekaart-2\/","title":{"rendered":"Gift card"},"content":{"rendered":"<p>Kui olete teadmatuses, mida kellegile kinkida, siis meie soovitame kinkida toreda ja m\u00f5nusa puhkuselamuse &#8211; vabalt valitud sihtkohta!<br \/>\nSelleks saab kasutada Kandle Karavani kinkekaardi v\u00f5imalust.<\/p>\n<ul>\n<li>Kinkekaardid on saadaval 50-500\u20ac v\u00e4\u00e4rtuses.<\/li>\n<li>Valikuliselt saab kinkekaardi saaja andmed lisada tellimuse m\u00e4rkustesse.<\/li>\n<\/ul>\n<p>Vali v\u00e4lja kinkekaardi summa, broneeri ja liigu edasi enda andmeid t\u00e4itma.<br \/>\nPeale andmete laekumist, saadame teile e-posti teel kinkekaardi, mille saate printida v\u00e4lja v\u00f5i saata elektrooniliselt edasi.<\/p>","protected":false},"excerpt":{"rendered":"<p>Kui olete teadmatuses, mida kellegile kinkida, siis meie soovitame kinkida toreda ja m\u00f5nusa puhkuselamuse &#8211; vabalt valitud sihtkohta! Selleks saab kasutada Kandle Karavani kinkekaardi v\u00f5imalust. Kinkekaardid on saadaval 50-500\u20ac v\u00e4\u00e4rtuses. Valikuliselt saab kinkekaardi saaja andmed lisada tellimuse m\u00e4rkustesse. Vali v\u00e4lja kinkekaardi summa, broneeri ja liigu edasi enda andmeid t\u00e4itma. Peale andmete laekumist, saadame teile e-posti &hellip;<\/p>\n<p class=\"read-more\"> <a class=\"\" href=\"https:\/\/www.kandlekaravan.ee\/en\/product\/kinkekaart-2\/\"> <span class=\"screen-reader-text\">Gift card<\/span> Read More &raquo;<\/a><\/p>","protected":false},"featured_media":2006,"template":"","meta":{"_uag_custom_page_level_css":"","_monsterinsights_skip_tracking":false,"_monsterinsights_sitenote_active":false,"_monsterinsights_sitenote_note":"","_monsterinsights_sitenote_category":0,"site-sidebar-layout":"default","site-content-layout":"plain-container","ast-site-content-layout":"","site-content-style":"default","site-sidebar-style":"default","ast-global-header-display":"","ast-banner-title-visibility":"","ast-main-header-display":"","ast-hfb-above-header-display":"","ast-hfb-below-header-display":"","ast-hfb-mobile-header-display":"","site-post-title":"","ast-breadcrumbs-content":"","ast-featured-img":"","footer-sml-layout":"","theme-transparent-header-meta":"disabled","adv-header-id-meta":"","stick-header-meta":"","header-above-stick-meta":"","header-main-stick-meta":"","header-below-stick-meta":"","astra-migrate-meta-layouts":""},"product_cat":[71],"product_tag":[],"class_list":["post-1908","product","type-product","status-publish","has-post-thumbnail","hentry","product_cat-mwb_wgm_giftcard","desktop-align-left","tablet-align-left","mobile-align-left"],"aioseo_notices":[],"uagb_featured_image_src":{"full":["https:\/\/www.kandlekaravan.ee\/wp-content\/uploads\/2022\/02\/300E-1-e1645085329635.jpg",1148,814,false],"thumbnail":["https:\/\/www.kandlekaravan.ee\/wp-content\/uploads\/2022\/02\/300E-1-300x300.jpg",300,300,true],"medium":["https:\/\/www.kandlekaravan.ee\/wp-content\/uploads\/2022\/02\/300E-1-700x497.jpg",700,497,true],"medium_large":["https:\/\/www.kandlekaravan.ee\/wp-content\/uploads\/2022\/02\/300E-1-768x545.jpg",768,545,true],"large":["https:\/\/www.kandlekaravan.ee\/wp-content\/uploads\/2022\/02\/300E-1-e1645085329635.jpg",1148,814,false],"1536x1536":["https:\/\/www.kandlekaravan.ee\/wp-content\/uploads\/2022\/02\/300E-1-1536x1090.jpg",1536,1090,true],"2048x2048":["https:\/\/www.kandlekaravan.ee\/wp-content\/uploads\/2022\/02\/300E-1-e1645085329635.jpg",1148,814,false],"trp-custom-language-flag":["https:\/\/www.kandlekaravan.ee\/wp-content\/uploads\/2022\/02\/300E-1-18x12.jpg",18,12,true],"tp-image-grid":["https:\/\/www.kandlekaravan.ee\/wp-content\/uploads\/2022\/02\/300E-1-700x700.jpg",700,700,true],"woocommerce_thumbnail":["https:\/\/www.kandlekaravan.ee\/wp-content\/uploads\/2022\/02\/300E-1-e1645085329635-400x300.jpg",400,300,true],"woocommerce_single":["https:\/\/www.kandlekaravan.ee\/wp-content\/uploads\/2022\/02\/300E-1-e1645085329635-400x284.jpg",400,284,true],"woocommerce_gallery_thumbnail":["https:\/\/www.kandlekaravan.ee\/wp-content\/uploads\/2022\/02\/300E-1-e1645085329635-100x100.jpg",100,100,true]},"uagb_author_info":{"display_name":"kandlekaravan","author_link":"https:\/\/www.kandlekaravan.ee\/en\/author\/"},"uagb_comment_info":0,"uagb_excerpt":"Kui olete teadmatuses, mida kellegile kinkida, siis meie soovitame kinkida toreda ja m\u00f5nusa puhkuselamuse &#8211; vabalt valitud sihtkohta! Selleks saab kasutada Kandle Karavani kinkekaardi v\u00f5imalust. Kinkekaardid on saadaval 50-500\u20ac v\u00e4\u00e4rtuses. Valikuliselt saab kinkekaardi saaja andmed lisada tellimuse m\u00e4rkustesse. Vali v\u00e4lja kinkekaardi summa, broneeri ja liigu edasi enda andmeid t\u00e4itma. Peale andmete laekumist, saadame teile e-posti&hellip;","_links":{"self":[{"href":"https:\/\/www.kandlekaravan.ee\/en\/wp-json\/wp\/v2\/product\/1908","targetHints":{"allow":["GET"]}}],"collection":[{"href":"https:\/\/www.kandlekaravan.ee\/en\/wp-json\/wp\/v2\/product"}],"about":[{"href":"https:\/\/www.kandlekaravan.ee\/en\/wp-json\/wp\/v2\/types\/product"}],"wp:featuredmedia":[{"embeddable":true,"href":"https:\/\/www.kandlekaravan.ee\/en\/wp-json\/wp\/v2\/media\/2006"}],"wp:attachment":[{"href":"https:\/\/www.kandlekaravan.ee\/en\/wp-json\/wp\/v2\/media?parent=1908"}],"wp:term":[{"taxonomy":"product_cat","embeddable":true,"href":"https:\/\/www.kandlekaravan.ee\/en\/wp-json\/wp\/v2\/product_cat?post=1908"},{"taxonomy":"product_tag","embeddable":true,"href":"https:\/\/www.kandlekaravan.ee\/en\/wp-json\/wp\/v2\/product_tag?post=1908"}],"curies":[{"name":"wp","href":"https:\/\/api.w.org\/{rel}","templated":true}]}}